{"id":529,"date":"2022-08-24T00:02:14","date_gmt":"2022-08-23T22:02:14","guid":{"rendered":"http:\/\/www.aventures.thibaultfiacre.com\/?page_id=529"},"modified":"2022-08-28T03:57:21","modified_gmt":"2022-08-28T01:57:21","slug":"nz_ep02","status":"publish","type":"page","link":"https:\/\/www.aventures.thibaultfiacre.com\/index.php\/nouvelle-zelande\/nz_ep02\/","title":{"rendered":"Episode 2 &#8211; Mangawhai Heads &#038; Whale Bay"},"content":{"rendered":"\n<h4 class=\"has-text-align-center wp-block-heading\">Du 18\/09\/2018 au 24\/09\/2018<\/h4>\n\n\n\n<hr class=\"wp-block-separator has-alpha-channel-opacity\"\/>\n\n\n\n<h2 class=\"wp-block-heading\">LE R\u00c9SUM\u00c9<\/h2>\n\n\n\n<p>Nous passons la semaine \u00e0 Mangawhai Heads chez Hasna, une amie de France, et Adam qui nous accueillent dans leur magnifique maison. Une semaine de mauvais temps durant laquelle nous tentons quelques d\u00e9marches administratives mais sans succ\u00e8s&#8230;Nous profitons du seul jour de beau temps de la semaine pour aller \u00e0 Whale Bay un peu plus au nord.<\/p>\n\n\n\n<figure class=\"wp-block-video\"><video controls src=\"http:\/\/www.aventures.thibaultfiacre.com\/wp-content\/uploads\/Videos\/NZ_video_02.mp4\"><\/video><\/figure>\n\n\n\n<hr class=\"wp-block-separator has-alpha-channel-opacity\"\/>\n\n\n\n<h2 class=\"wp-block-heading\">LE PARCOURS<\/h2>\n\n\n\n<iframe loading=\"lazy\" class=\"googlemap\" src=\"https:\/\/www.google.com\/maps\/d\/embed?mid=1xHQZxfUuHRjbJ_XiDRGl61CdHRaF1t2x&amp;ehbc=2E312F\" width=\"640\" height=\"480\"><\/iframe>\n\n\n\n<hr class=\"wp-block-separator has-alpha-channel-opacity\"\/>\n\n\n\n<h2 class=\"wp-block-heading\">DANS LE DETAIL<\/h2>\n\n\n\n<h3 class=\"wp-block-heading\">Mardi 18 &amp; Mercredi 19&nbsp;septembre 2018<\/h3>\n\n\n\n<p>Nous arrivons donc chez Hasna et Adam \u00e0 Mangawhai Heads. Hasna est une amie de France qui est venue comme nous avec son PVT en Nouvelle Z\u00e9lande il y a quelques ann\u00e9es durant lequel elle a rencontr\u00e9 Adam, un am\u00e9ricain qui habite ici depuis un peu moins de dix ans. Ils sont maintenant mari\u00e9s et ont une petite fille adorable pr\u00e9nomm\u00e9e Sophia. Nous connaissons Adam, que nous avons d\u00e9j\u00e0 rencontr\u00e9 en France. Adam travaille chez IBM \u00e0 Auckland mais t\u00e9l\u00e9travaille la plupart du temps et ne va \u00e0 Auckland qu&#8217;une journ\u00e9e par semaine. C&#8217;est un r\u00e9el plaisir de les revoir depuis tout ce temps, les vrais amis sont ceux avec lesquels rien ne change malgr\u00e9 le temps et la distance \ud83d\ude42<\/p>\n\n\n\n<p>Leur maison est magnifique et offre une vue incroyable sur la plage de Mangawhai Heads, r\u00e9gion tr\u00e8s pris\u00e9e par les kiwis pour les vacances estivales. Nous sommes accueillis par une pluie intense pendant deux jours, ce qui nous bloque \u00e0 la maison. La pluie perdurera le reste de la semaine mais moins violemment, ce qui nous permettra de sortir. Hasna et Adam nous assurent que c&#8217;est la premi\u00e8re fois qu&#8217;ils ont un si mauvais temps autant de jours d&#8217;affil\u00e9&#8230;cela rappelle bien des souvenirs \u00e0 Thibault&#8230;Nous passons donc le mardi et mercredi \u00e0 la maison, Aur\u00e9lie passe le temps en faisant des bolas, tandis que Thibault trouve quand m\u00eame le courage d&#8217;aller faire un petit trail sur le chemin des falaises de Mangawhai !&nbsp;<\/p>\n\n\n\n<figure class=\"wp-block-image size-large\"><img loading=\"lazy\" decoding=\"async\" width=\"1024\" height=\"683\" src=\"http:\/\/www.aventures.thibaultfiacre.com\/wp-content\/uploads\/2022\/08\/NZ_EP02_03-1024x683.jpg\" alt=\"\" class=\"wp-image-278\" srcset=\"https:\/\/www.aventures.thibaultfiacre.com\/wp-content\/uploads\/2022\/08\/NZ_EP02_03-1024x683.jpg 1024w, https:\/\/www.aventures.thibaultfiacre.com\/wp-content\/uploads\/2022\/08\/NZ_EP02_03-300x200.jpg 300w, https:\/\/www.aventures.thibaultfiacre.com\/wp-content\/uploads\/2022\/08\/NZ_EP02_03-768x512.jpg 768w, https:\/\/www.aventures.thibaultfiacre.com\/wp-content\/uploads\/2022\/08\/NZ_EP02_03-1536x1024.jpg 1536w, https:\/\/www.aventures.thibaultfiacre.com\/wp-content\/uploads\/2022\/08\/NZ_EP02_03-2048x1365.jpg 2048w, https:\/\/www.aventures.thibaultfiacre.com\/wp-content\/uploads\/2022\/08\/NZ_EP02_03-90x60.jpg 90w\" sizes=\"auto, (max-width: 1024px) 100vw, 1024px\" \/><\/figure>\n\n\n\n<figure class=\"wp-block-image size-large\"><img loading=\"lazy\" decoding=\"async\" width=\"1024\" height=\"683\" src=\"http:\/\/www.aventures.thibaultfiacre.com\/wp-content\/uploads\/2022\/08\/NZ_EP02_01-1024x683.jpg\" alt=\"\" class=\"wp-image-276\" srcset=\"https:\/\/www.aventures.thibaultfiacre.com\/wp-content\/uploads\/2022\/08\/NZ_EP02_01-1024x683.jpg 1024w, https:\/\/www.aventures.thibaultfiacre.com\/wp-content\/uploads\/2022\/08\/NZ_EP02_01-300x200.jpg 300w, https:\/\/www.aventures.thibaultfiacre.com\/wp-content\/uploads\/2022\/08\/NZ_EP02_01-768x512.jpg 768w, https:\/\/www.aventures.thibaultfiacre.com\/wp-content\/uploads\/2022\/08\/NZ_EP02_01-1536x1024.jpg 1536w, https:\/\/www.aventures.thibaultfiacre.com\/wp-content\/uploads\/2022\/08\/NZ_EP02_01-2048x1365.jpg 2048w, https:\/\/www.aventures.thibaultfiacre.com\/wp-content\/uploads\/2022\/08\/NZ_EP02_01-90x60.jpg 90w\" sizes=\"auto, (max-width: 1024px) 100vw, 1024px\" \/><\/figure>\n\n\n\n<h3 class=\"wp-block-heading\">Jeudi 20 septembre 2018<\/h3>\n\n\n\n<p>Aujourd&#8217;hui, Baptiste et Juliette arrivent \u00e0 la maison. Ce sont deux woofers fran\u00e7ais en voyage comme nous, qu&#8217;Hasna et Adam ont pris pour les aider \u00e0 la maison pendant environ deux semaines.<\/p>\n\n\n\n<p>Une fois les woofers accueillis, nous partons avec Hasna qui doit aller voir une voiture qu&#8217;ils souhaitent acheter avec Adam. La voiture se trouve \u00e0 Wellsford \u00e0 50 minutes de la maison. Nous nous disons que nous en profiterons pour ouvrir un compte \u00e0 la Kiwibank. Mangawhai est un petit village dans lequel il n&#8217;y a que quelques petits magasins et boutiques. Il nous faut donc aller \u00e0 la petite ville la plus proche pour ouvrir un compte. Une fois sur place, la personne du guichet nous dit qu&#8217;il n&#8217;ouvre pas de comptes ici car c&#8217;est une antenne toute petite de la Kiwibank&#8230;elle nous conseille d&#8217;aller \u00e0 Warkworth \u00e0 40 minutes de l\u00e0&#8230;1er \u00e9chec de la journ\u00e9e !<\/p>\n\n\n\n<p>Ok, du coup nous passons voir la voiture avec Hasna. La voiture est en tr\u00e8s mauvais \u00e9tat, le pneus sont lisses tels des pneus de F1 et l&#8217;int\u00e9rieur est immonde&#8230;2nd \u00e9chec de la journ\u00e9e !<\/p>\n\n\n\n<p>Nous partons donc pour Warkworth pour que la personne de la Kiwibank nous informe qu&#8217;il faut prendre rendez-vous pour ouvrir un compte&#8230;elle nous propose le lendemain \u00e0 14h mais comme c&#8217;est \u00e0 plus d&#8217;une heure de la maison, nous ne sommes pas chauds de revenir le lendemain&#8230;3\u00e8me \u00e9chec de la journ\u00e9e ! Ce sera mieux demain \ud83d\ude42<\/p>\n\n\n\n<h3 class=\"wp-block-heading\">Vendredi 21 septembre 2018<\/h3>\n\n\n\n<p>Une fois de plus, il ne fait pas tr\u00e8s beau mais nous profitons d&#8217;une petite acalmie matinale pour aller faire le petit chemin le long des falaises que Thibault a fait en trail quelques jours auparavant. Nous passerons le reste de la journ\u00e9e \u00e0 la maison, Aur\u00e9lie \u00e0 faire des bolas et \u00e0 pr\u00e9parer le reste du voyage et Thibault \u00e0 coder le blog que vous parcourez \ud83d\ude42<\/p>\n\n\n\n<h3 class=\"wp-block-heading\">Samedi 22 septembre 2018<\/h3>\n\n\n\n<p>Adam est en weekend, nous partons donc avec lui le matin au march\u00e9 de Mangawhai Village. Le march\u00e9 est petit mais sympa, fruits, l\u00e9gumes et artisanat local au programme ! Le reste de la journ\u00e9e \u00e9tant une fois de plus pluvieux, nous restons \u00e0 la maison&#8230;Adam, qui a beaucoup arpent\u00e9 la NZ depuis son arriv\u00e9e, nous donne des conseils sur les choses \u00e0 ne pas rater. Nous \u00e9changeons \u00e9galement avec Baptiste et Juliette pour voir ce qu&#8217;ils ont pr\u00e9vus de faire et s&#8217;en inspirer \ud83d\ude42<\/p>\n\n\n\n<h3 class=\"wp-block-heading\">Dimanche 23 septembre 2018<\/h3>\n\n\n\n<p>Enfin il fait beauuuuuuu !!! Apr\u00e8s un super petit d\u00e9j au soleil sur la terrasse avec vue de dingue, nous partons tous ensemble pour Whale Bay. Il s&#8217;agit d&#8217;une baie tr\u00e8s jolie situ\u00e9e \u00e0 Matapouri \u00e0 environ 1h30 au nord de Mangawhai. Nous faisons donc la baie de Matapouri, o\u00f9 nous pique-niquons et faisons la rando superbe qui nous emm\u00e8ne jusqu&#8217;\u00e0 Whale Bay. Quand il fait beau, \u00e7a change vraiment tout \ud83d\ude42<\/p>\n\n\n\n<figure class=\"wp-block-image size-large\"><img loading=\"lazy\" decoding=\"async\" width=\"1024\" height=\"576\" src=\"http:\/\/www.aventures.thibaultfiacre.com\/wp-content\/uploads\/2022\/08\/NZ_EP02_04-1024x576.jpg\" alt=\"\" class=\"wp-image-279\" srcset=\"https:\/\/www.aventures.thibaultfiacre.com\/wp-content\/uploads\/2022\/08\/NZ_EP02_04-1024x576.jpg 1024w, https:\/\/www.aventures.thibaultfiacre.com\/wp-content\/uploads\/2022\/08\/NZ_EP02_04-300x169.jpg 300w, https:\/\/www.aventures.thibaultfiacre.com\/wp-content\/uploads\/2022\/08\/NZ_EP02_04-768x432.jpg 768w, https:\/\/www.aventures.thibaultfiacre.com\/wp-content\/uploads\/2022\/08\/NZ_EP02_04-1536x864.jpg 1536w, https:\/\/www.aventures.thibaultfiacre.com\/wp-content\/uploads\/2022\/08\/NZ_EP02_04-107x60.jpg 107w, https:\/\/www.aventures.thibaultfiacre.com\/wp-content\/uploads\/2022\/08\/NZ_EP02_04.jpg 1920w\" sizes=\"auto, (max-width: 1024px) 100vw, 1024px\" \/><\/figure>\n\n\n\n<figure class=\"wp-block-image size-large\"><img loading=\"lazy\" decoding=\"async\" width=\"1024\" height=\"576\" src=\"http:\/\/www.aventures.thibaultfiacre.com\/wp-content\/uploads\/2022\/08\/NZ_EP02_05-1024x576.jpg\" alt=\"\" class=\"wp-image-280\" srcset=\"https:\/\/www.aventures.thibaultfiacre.com\/wp-content\/uploads\/2022\/08\/NZ_EP02_05-1024x576.jpg 1024w, https:\/\/www.aventures.thibaultfiacre.com\/wp-content\/uploads\/2022\/08\/NZ_EP02_05-300x169.jpg 300w, https:\/\/www.aventures.thibaultfiacre.com\/wp-content\/uploads\/2022\/08\/NZ_EP02_05-768x432.jpg 768w, https:\/\/www.aventures.thibaultfiacre.com\/wp-content\/uploads\/2022\/08\/NZ_EP02_05-1536x864.jpg 1536w, https:\/\/www.aventures.thibaultfiacre.com\/wp-content\/uploads\/2022\/08\/NZ_EP02_05-107x60.jpg 107w, https:\/\/www.aventures.thibaultfiacre.com\/wp-content\/uploads\/2022\/08\/NZ_EP02_05.jpg 1920w\" sizes=\"auto, (max-width: 1024px) 100vw, 1024px\" \/><\/figure>\n\n\n\n<figure class=\"wp-block-image size-large\"><img loading=\"lazy\" decoding=\"async\" width=\"1024\" height=\"576\" src=\"http:\/\/www.aventures.thibaultfiacre.com\/wp-content\/uploads\/2022\/08\/NZ_EP02_06-1024x576.jpg\" alt=\"\" class=\"wp-image-281\" srcset=\"https:\/\/www.aventures.thibaultfiacre.com\/wp-content\/uploads\/2022\/08\/NZ_EP02_06-1024x576.jpg 1024w, https:\/\/www.aventures.thibaultfiacre.com\/wp-content\/uploads\/2022\/08\/NZ_EP02_06-300x169.jpg 300w, https:\/\/www.aventures.thibaultfiacre.com\/wp-content\/uploads\/2022\/08\/NZ_EP02_06-768x432.jpg 768w, https:\/\/www.aventures.thibaultfiacre.com\/wp-content\/uploads\/2022\/08\/NZ_EP02_06-1536x864.jpg 1536w, https:\/\/www.aventures.thibaultfiacre.com\/wp-content\/uploads\/2022\/08\/NZ_EP02_06-107x60.jpg 107w, https:\/\/www.aventures.thibaultfiacre.com\/wp-content\/uploads\/2022\/08\/NZ_EP02_06.jpg 1920w\" sizes=\"auto, (max-width: 1024px) 100vw, 1024px\" \/><\/figure>\n\n\n\n<figure class=\"wp-block-image size-large\"><img loading=\"lazy\" decoding=\"async\" width=\"1024\" height=\"576\" src=\"http:\/\/www.aventures.thibaultfiacre.com\/wp-content\/uploads\/2022\/08\/NZ_EP02_07-1024x576.jpg\" alt=\"\" class=\"wp-image-282\" srcset=\"https:\/\/www.aventures.thibaultfiacre.com\/wp-content\/uploads\/2022\/08\/NZ_EP02_07-1024x576.jpg 1024w, https:\/\/www.aventures.thibaultfiacre.com\/wp-content\/uploads\/2022\/08\/NZ_EP02_07-300x169.jpg 300w, https:\/\/www.aventures.thibaultfiacre.com\/wp-content\/uploads\/2022\/08\/NZ_EP02_07-768x432.jpg 768w, https:\/\/www.aventures.thibaultfiacre.com\/wp-content\/uploads\/2022\/08\/NZ_EP02_07-1536x864.jpg 1536w, https:\/\/www.aventures.thibaultfiacre.com\/wp-content\/uploads\/2022\/08\/NZ_EP02_07-107x60.jpg 107w, https:\/\/www.aventures.thibaultfiacre.com\/wp-content\/uploads\/2022\/08\/NZ_EP02_07.jpg 1920w\" sizes=\"auto, (max-width: 1024px) 100vw, 1024px\" \/><\/figure>\n\n\n\n<figure class=\"wp-block-image size-large\"><img loading=\"lazy\" decoding=\"async\" width=\"1024\" height=\"576\" src=\"http:\/\/www.aventures.thibaultfiacre.com\/wp-content\/uploads\/2022\/08\/NZ_EP02_08-1024x576.jpg\" alt=\"\" class=\"wp-image-283\" srcset=\"https:\/\/www.aventures.thibaultfiacre.com\/wp-content\/uploads\/2022\/08\/NZ_EP02_08-1024x576.jpg 1024w, https:\/\/www.aventures.thibaultfiacre.com\/wp-content\/uploads\/2022\/08\/NZ_EP02_08-300x169.jpg 300w, https:\/\/www.aventures.thibaultfiacre.com\/wp-content\/uploads\/2022\/08\/NZ_EP02_08-768x432.jpg 768w, https:\/\/www.aventures.thibaultfiacre.com\/wp-content\/uploads\/2022\/08\/NZ_EP02_08-1536x864.jpg 1536w, https:\/\/www.aventures.thibaultfiacre.com\/wp-content\/uploads\/2022\/08\/NZ_EP02_08-107x60.jpg 107w, https:\/\/www.aventures.thibaultfiacre.com\/wp-content\/uploads\/2022\/08\/NZ_EP02_08.jpg 1920w\" sizes=\"auto, (max-width: 1024px) 100vw, 1024px\" \/><\/figure>\n\n\n\n<figure class=\"wp-block-image size-large\"><img loading=\"lazy\" decoding=\"async\" width=\"1024\" height=\"576\" src=\"http:\/\/www.aventures.thibaultfiacre.com\/wp-content\/uploads\/2022\/08\/NZ_EP02_09-1024x576.jpg\" alt=\"\" class=\"wp-image-284\" srcset=\"https:\/\/www.aventures.thibaultfiacre.com\/wp-content\/uploads\/2022\/08\/NZ_EP02_09-1024x576.jpg 1024w, https:\/\/www.aventures.thibaultfiacre.com\/wp-content\/uploads\/2022\/08\/NZ_EP02_09-300x169.jpg 300w, https:\/\/www.aventures.thibaultfiacre.com\/wp-content\/uploads\/2022\/08\/NZ_EP02_09-768x432.jpg 768w, https:\/\/www.aventures.thibaultfiacre.com\/wp-content\/uploads\/2022\/08\/NZ_EP02_09-1536x864.jpg 1536w, https:\/\/www.aventures.thibaultfiacre.com\/wp-content\/uploads\/2022\/08\/NZ_EP02_09-107x60.jpg 107w, https:\/\/www.aventures.thibaultfiacre.com\/wp-content\/uploads\/2022\/08\/NZ_EP02_09.jpg 1920w\" sizes=\"auto, (max-width: 1024px) 100vw, 1024px\" \/><\/figure>\n\n\n\n<p>Sur le chemin du retour, alors que le temps se g\u00e2te d\u00e9j\u00e0, nous nous arretons voir les chutes d&#8217;eau de Whangarei !<\/p>\n\n\n\n<figure class=\"wp-block-image size-large\"><img loading=\"lazy\" decoding=\"async\" width=\"1024\" height=\"576\" src=\"http:\/\/www.aventures.thibaultfiacre.com\/wp-content\/uploads\/2022\/08\/NZ_EP02_10-1024x576.jpg\" alt=\"\" class=\"wp-image-285\" srcset=\"https:\/\/www.aventures.thibaultfiacre.com\/wp-content\/uploads\/2022\/08\/NZ_EP02_10-1024x576.jpg 1024w, https:\/\/www.aventures.thibaultfiacre.com\/wp-content\/uploads\/2022\/08\/NZ_EP02_10-300x169.jpg 300w, https:\/\/www.aventures.thibaultfiacre.com\/wp-content\/uploads\/2022\/08\/NZ_EP02_10-768x432.jpg 768w, https:\/\/www.aventures.thibaultfiacre.com\/wp-content\/uploads\/2022\/08\/NZ_EP02_10-1536x864.jpg 1536w, https:\/\/www.aventures.thibaultfiacre.com\/wp-content\/uploads\/2022\/08\/NZ_EP02_10-107x60.jpg 107w, https:\/\/www.aventures.thibaultfiacre.com\/wp-content\/uploads\/2022\/08\/NZ_EP02_10.jpg 1920w\" sizes=\"auto, (max-width: 1024px) 100vw, 1024px\" \/><\/figure>\n\n\n\n<h3 class=\"wp-block-heading\">Lundi 24 septembre 2018<\/h3>\n\n\n\n<p>Nous profitons de la matin\u00e9e d\u00e9gag\u00e9e pour aller nous promener sur le bras de mer autour de Mangawhai. C&#8217;est la mar\u00e9e basse, ce qui nous permet de faire un tour qui ne serait pas possible \u00e0 mar\u00e9e haute !&nbsp;<\/p>\n\n\n\n<figure class=\"wp-block-image size-large\"><img loading=\"lazy\" decoding=\"async\" width=\"1024\" height=\"576\" src=\"http:\/\/www.aventures.thibaultfiacre.com\/wp-content\/uploads\/2022\/08\/NZ_EP02_11-1024x576.jpg\" alt=\"\" class=\"wp-image-286\" srcset=\"https:\/\/www.aventures.thibaultfiacre.com\/wp-content\/uploads\/2022\/08\/NZ_EP02_11-1024x576.jpg 1024w, https:\/\/www.aventures.thibaultfiacre.com\/wp-content\/uploads\/2022\/08\/NZ_EP02_11-300x169.jpg 300w, https:\/\/www.aventures.thibaultfiacre.com\/wp-content\/uploads\/2022\/08\/NZ_EP02_11-768x432.jpg 768w, https:\/\/www.aventures.thibaultfiacre.com\/wp-content\/uploads\/2022\/08\/NZ_EP02_11-1536x864.jpg 1536w, https:\/\/www.aventures.thibaultfiacre.com\/wp-content\/uploads\/2022\/08\/NZ_EP02_11-107x60.jpg 107w, https:\/\/www.aventures.thibaultfiacre.com\/wp-content\/uploads\/2022\/08\/NZ_EP02_11.jpg 1920w\" sizes=\"auto, (max-width: 1024px) 100vw, 1024px\" \/><\/figure>\n\n\n\n<p>Nous passons le reste de la journ\u00e9e \u00e0 pr\u00e9parer nos affaires pour le lendemain. Adam travaille le lendemain sur Auckland et nous d\u00e9posera donc sur Auckland pour r\u00e9cup\u00e9rer notre van et continuer l&#8217;aventure !! Nous en profitons pour remercier chaleureusement Hasna et Adam pour leur accueil exceptionnel digne d&#8217;un 10 \u00e9toiles sur 5 (Adam, if you read this ^^) sur TripAdvisor !! Rendez-vous donc au prochain \u00e9pisode, et on se quitte avec quelques photos bonus ! Bizzz<\/p>\n\n\n\n<figure class=\"wp-block-image size-large\"><img loading=\"lazy\" decoding=\"async\" width=\"1024\" height=\"576\" src=\"http:\/\/www.aventures.thibaultfiacre.com\/wp-content\/uploads\/2022\/08\/NZ_EP02_12-1024x576.jpg\" alt=\"\" class=\"wp-image-287\" srcset=\"https:\/\/www.aventures.thibaultfiacre.com\/wp-content\/uploads\/2022\/08\/NZ_EP02_12-1024x576.jpg 1024w, https:\/\/www.aventures.thibaultfiacre.com\/wp-content\/uploads\/2022\/08\/NZ_EP02_12-300x169.jpg 300w, https:\/\/www.aventures.thibaultfiacre.com\/wp-content\/uploads\/2022\/08\/NZ_EP02_12-768x432.jpg 768w, https:\/\/www.aventures.thibaultfiacre.com\/wp-content\/uploads\/2022\/08\/NZ_EP02_12-1536x864.jpg 1536w, https:\/\/www.aventures.thibaultfiacre.com\/wp-content\/uploads\/2022\/08\/NZ_EP02_12-107x60.jpg 107w, https:\/\/www.aventures.thibaultfiacre.com\/wp-content\/uploads\/2022\/08\/NZ_EP02_12.jpg 1920w\" sizes=\"auto, (max-width: 1024px) 100vw, 1024px\" \/><\/figure>\n\n\n\n<figure class=\"wp-block-image size-large\"><img loading=\"lazy\" decoding=\"async\" width=\"1024\" height=\"576\" src=\"http:\/\/www.aventures.thibaultfiacre.com\/wp-content\/uploads\/2022\/08\/NZ_EP02_13-1024x576.jpg\" alt=\"\" class=\"wp-image-288\" srcset=\"https:\/\/www.aventures.thibaultfiacre.com\/wp-content\/uploads\/2022\/08\/NZ_EP02_13-1024x576.jpg 1024w, https:\/\/www.aventures.thibaultfiacre.com\/wp-content\/uploads\/2022\/08\/NZ_EP02_13-300x169.jpg 300w, https:\/\/www.aventures.thibaultfiacre.com\/wp-content\/uploads\/2022\/08\/NZ_EP02_13-768x432.jpg 768w, https:\/\/www.aventures.thibaultfiacre.com\/wp-content\/uploads\/2022\/08\/NZ_EP02_13-1536x864.jpg 1536w, https:\/\/www.aventures.thibaultfiacre.com\/wp-content\/uploads\/2022\/08\/NZ_EP02_13-107x60.jpg 107w, https:\/\/www.aventures.thibaultfiacre.com\/wp-content\/uploads\/2022\/08\/NZ_EP02_13.jpg 1920w\" sizes=\"auto, (max-width: 1024px) 100vw, 1024px\" \/><\/figure>\n\n\n\n<figure class=\"wp-block-image size-large\"><img loading=\"lazy\" decoding=\"async\" width=\"1024\" height=\"576\" src=\"http:\/\/www.aventures.thibaultfiacre.com\/wp-content\/uploads\/2022\/08\/NZ_EP02_14-1024x576.jpg\" alt=\"\" class=\"wp-image-289\" srcset=\"https:\/\/www.aventures.thibaultfiacre.com\/wp-content\/uploads\/2022\/08\/NZ_EP02_14-1024x576.jpg 1024w, https:\/\/www.aventures.thibaultfiacre.com\/wp-content\/uploads\/2022\/08\/NZ_EP02_14-300x169.jpg 300w, https:\/\/www.aventures.thibaultfiacre.com\/wp-content\/uploads\/2022\/08\/NZ_EP02_14-768x432.jpg 768w, https:\/\/www.aventures.thibaultfiacre.com\/wp-content\/uploads\/2022\/08\/NZ_EP02_14-1536x864.jpg 1536w, https:\/\/www.aventures.thibaultfiacre.com\/wp-content\/uploads\/2022\/08\/NZ_EP02_14-107x60.jpg 107w, https:\/\/www.aventures.thibaultfiacre.com\/wp-content\/uploads\/2022\/08\/NZ_EP02_14.jpg 1920w\" sizes=\"auto, (max-width: 1024px) 100vw, 1024px\" \/><\/figure>\n\n\n\n<figure class=\"wp-block-image size-large\"><img loading=\"lazy\" decoding=\"async\" width=\"1024\" height=\"683\" src=\"http:\/\/www.aventures.thibaultfiacre.com\/wp-content\/uploads\/2022\/08\/NZ_EP02_02-1024x683.jpg\" alt=\"\" class=\"wp-image-277\" srcset=\"https:\/\/www.aventures.thibaultfiacre.com\/wp-content\/uploads\/2022\/08\/NZ_EP02_02-1024x683.jpg 1024w, https:\/\/www.aventures.thibaultfiacre.com\/wp-content\/uploads\/2022\/08\/NZ_EP02_02-300x200.jpg 300w, https:\/\/www.aventures.thibaultfiacre.com\/wp-content\/uploads\/2022\/08\/NZ_EP02_02-768x512.jpg 768w, https:\/\/www.aventures.thibaultfiacre.com\/wp-content\/uploads\/2022\/08\/NZ_EP02_02-1536x1024.jpg 1536w, https:\/\/www.aventures.thibaultfiacre.com\/wp-content\/uploads\/2022\/08\/NZ_EP02_02-2048x1365.jpg 2048w, https:\/\/www.aventures.thibaultfiacre.com\/wp-content\/uploads\/2022\/08\/NZ_EP02_02-90x60.jpg 90w\" sizes=\"auto, (max-width: 1024px) 100vw, 1024px\" \/><\/figure>\n\n\n\n<figure class=\"wp-block-image size-large\"><img loading=\"lazy\" decoding=\"async\" width=\"1024\" height=\"576\" src=\"http:\/\/www.aventures.thibaultfiacre.com\/wp-content\/uploads\/2022\/08\/NZ_EP02_16-1024x576.jpg\" alt=\"\" class=\"wp-image-291\" srcset=\"https:\/\/www.aventures.thibaultfiacre.com\/wp-content\/uploads\/2022\/08\/NZ_EP02_16-1024x576.jpg 1024w, https:\/\/www.aventures.thibaultfiacre.com\/wp-content\/uploads\/2022\/08\/NZ_EP02_16-300x169.jpg 300w, https:\/\/www.aventures.thibaultfiacre.com\/wp-content\/uploads\/2022\/08\/NZ_EP02_16-768x432.jpg 768w, https:\/\/www.aventures.thibaultfiacre.com\/wp-content\/uploads\/2022\/08\/NZ_EP02_16-1536x864.jpg 1536w, https:\/\/www.aventures.thibaultfiacre.com\/wp-content\/uploads\/2022\/08\/NZ_EP02_16-107x60.jpg 107w, https:\/\/www.aventures.thibaultfiacre.com\/wp-content\/uploads\/2022\/08\/NZ_EP02_16.jpg 1920w\" sizes=\"auto, (max-width: 1024px) 100vw, 1024px\" \/><\/figure>\n\n\n\n<figure class=\"wp-block-image size-large\"><img loading=\"lazy\" decoding=\"async\" width=\"1024\" height=\"576\" src=\"http:\/\/www.aventures.thibaultfiacre.com\/wp-content\/uploads\/2022\/08\/NZ_EP02_17-1024x576.jpg\" alt=\"\" class=\"wp-image-292\" srcset=\"https:\/\/www.aventures.thibaultfiacre.com\/wp-content\/uploads\/2022\/08\/NZ_EP02_17-1024x576.jpg 1024w, https:\/\/www.aventures.thibaultfiacre.com\/wp-content\/uploads\/2022\/08\/NZ_EP02_17-300x169.jpg 300w, https:\/\/www.aventures.thibaultfiacre.com\/wp-content\/uploads\/2022\/08\/NZ_EP02_17-768x432.jpg 768w, https:\/\/www.aventures.thibaultfiacre.com\/wp-content\/uploads\/2022\/08\/NZ_EP02_17-1536x864.jpg 1536w, https:\/\/www.aventures.thibaultfiacre.com\/wp-content\/uploads\/2022\/08\/NZ_EP02_17-107x60.jpg 107w, https:\/\/www.aventures.thibaultfiacre.com\/wp-content\/uploads\/2022\/08\/NZ_EP02_17.jpg 1920w\" sizes=\"auto, (max-width: 1024px) 100vw, 1024px\" \/><\/figure>\n\n\n\n<figure class=\"wp-block-image size-large\"><img loading=\"lazy\" decoding=\"async\" width=\"1024\" height=\"576\" src=\"http:\/\/www.aventures.thibaultfiacre.com\/wp-content\/uploads\/2022\/08\/NZ_EP02_18-1024x576.jpg\" alt=\"\" class=\"wp-image-293\" srcset=\"https:\/\/www.aventures.thibaultfiacre.com\/wp-content\/uploads\/2022\/08\/NZ_EP02_18-1024x576.jpg 1024w, https:\/\/www.aventures.thibaultfiacre.com\/wp-content\/uploads\/2022\/08\/NZ_EP02_18-300x169.jpg 300w, https:\/\/www.aventures.thibaultfiacre.com\/wp-content\/uploads\/2022\/08\/NZ_EP02_18-768x432.jpg 768w, https:\/\/www.aventures.thibaultfiacre.com\/wp-content\/uploads\/2022\/08\/NZ_EP02_18-1536x864.jpg 1536w, https:\/\/www.aventures.thibaultfiacre.com\/wp-content\/uploads\/2022\/08\/NZ_EP02_18-107x60.jpg 107w, https:\/\/www.aventures.thibaultfiacre.com\/wp-content\/uploads\/2022\/08\/NZ_EP02_18.jpg 1920w\" sizes=\"auto, (max-width: 1024px) 100vw, 1024px\" \/><\/figure>\n","protected":false},"excerpt":{"rendered":"<p>Du 18\/09\/2018 au 24\/09\/2018 LE R\u00c9SUM\u00c9 Nous passons la semaine \u00e0 Mangawhai Heads chez Hasna, une amie de France, et Adam qui nous accueillent dans leur magnifique maison. Une semaine de mauvais temps durant laquelle nous tentons quelques d\u00e9marches administratives mais sans succ\u00e8s&#8230;Nous profitons du seul jour de beau temps de la semaine pour aller &hellip; <\/p>\n","protected":false},"author":1,"featured_media":294,"parent":5,"menu_order":2,"comment_status":"closed","ping_status":"closed","template":"","meta":{"footnotes":""},"class_list":["post-529","page","type-page","status-publish","has-post-thumbnail","hentry"],"_links":{"self":[{"href":"https:\/\/www.aventures.thibaultfiacre.com\/index.php\/wp-json\/wp\/v2\/pages\/529","targetHints":{"allow":["GET"]}}],"collection":[{"href":"https:\/\/www.aventures.thibaultfiacre.com\/index.php\/wp-json\/wp\/v2\/pages"}],"about":[{"href":"https:\/\/www.aventures.thibaultfiacre.com\/index.php\/wp-json\/wp\/v2\/types\/page"}],"author":[{"embeddable":true,"href":"https:\/\/www.aventures.thibaultfiacre.com\/index.php\/wp-json\/wp\/v2\/users\/1"}],"replies":[{"embeddable":true,"href":"https:\/\/www.aventures.thibaultfiacre.com\/index.php\/wp-json\/wp\/v2\/comments?post=529"}],"version-history":[{"count":9,"href":"https:\/\/www.aventures.thibaultfiacre.com\/index.php\/wp-json\/wp\/v2\/pages\/529\/revisions"}],"predecessor-version":[{"id":697,"href":"https:\/\/www.aventures.thibaultfiacre.com\/index.php\/wp-json\/wp\/v2\/pages\/529\/revisions\/697"}],"up":[{"embeddable":true,"href":"https:\/\/www.aventures.thibaultfiacre.com\/index.php\/wp-json\/wp\/v2\/pages\/5"}],"wp:featuredmedia":[{"embeddable":true,"href":"https:\/\/www.aventures.thibaultfiacre.com\/index.php\/wp-json\/wp\/v2\/media\/294"}],"wp:attachment":[{"href":"https:\/\/www.aventures.thibaultfiacre.com\/index.php\/wp-json\/wp\/v2\/media?parent=529"}],"curies":[{"name":"wp","href":"https:\/\/api.w.org\/{rel}","templated":true}]}}